{"id":6362,"date":"2022-05-11T11:26:58","date_gmt":"2022-05-11T09:26:58","guid":{"rendered":"https:\/\/www.sleeg.it\/prodotto\/clip-baroque\/"},"modified":"2022-05-11T11:26:58","modified_gmt":"2022-05-11T09:26:58","slug":"clip-baroque","status":"publish","type":"product","link":"https:\/\/www.sleeg.it\/fr\/prodotto\/clip-baroque\/","title":{"rendered":"Clip Baroque"},"content":{"rendered":"","protected":false},"excerpt":{"rendered":"<p>Clip d\u00e9coratif \u00e0 la forme \u00e9pur\u00e9e dans un style baroque moderne, il s&#8217;adapte avec \u00e9l\u00e9gance au style des branches<\/p>\n<p>&#8211; Masque en fibre de nylon biosourc\u00e9<\/p>\n<p>&#8211; Fabriqu\u00e9 en Italie<\/p>\n","protected":false},"featured_media":5788,"comment_status":"open","ping_status":"closed","template":"","meta":[],"product_cat":[62],"product_tag":[],"_links":{"self":[{"href":"https:\/\/www.sleeg.it\/fr\/wp-json\/wp\/v2\/product\/6362"}],"collection":[{"href":"https:\/\/www.sleeg.it\/fr\/wp-json\/wp\/v2\/product"}],"about":[{"href":"https:\/\/www.sleeg.it\/fr\/wp-json\/wp\/v2\/types\/product"}],"replies":[{"embeddable":true,"href":"https:\/\/www.sleeg.it\/fr\/wp-json\/wp\/v2\/comments?post=6362"}],"wp:featuredmedia":[{"embeddable":true,"href":"https:\/\/www.sleeg.it\/fr\/wp-json\/wp\/v2\/media\/5788"}],"wp:attachment":[{"href":"https:\/\/www.sleeg.it\/fr\/wp-json\/wp\/v2\/media?parent=6362"}],"wp:term":[{"taxonomy":"product_cat","embeddable":true,"href":"https:\/\/www.sleeg.it\/fr\/wp-json\/wp\/v2\/product_cat?post=6362"},{"taxonomy":"product_tag","embeddable":true,"href":"https:\/\/www.sleeg.it\/fr\/wp-json\/wp\/v2\/product_tag?post=6362"}],"curies":[{"name":"wp","href":"https:\/\/api.w.org\/{rel}","templated":true}]}}