{"id":6351,"date":"2022-05-11T11:41:07","date_gmt":"2022-05-11T09:41:07","guid":{"rendered":"https:\/\/www.sleeg.it\/prodotto\/clip-jolie-2\/"},"modified":"2022-05-11T11:41:07","modified_gmt":"2022-05-11T09:41:07","slug":"clip-jolie-2","status":"publish","type":"product","link":"https:\/\/www.sleeg.it\/fr\/prodotto\/clip-jolie-2\/","title":{"rendered":"Clip Jolie"},"content":{"rendered":"","protected":false},"excerpt":{"rendered":"<p>Clip d\u00e9coratif form\u00e9 par le mot Jolie avec une police raffin\u00e9e, s&#8217;adapte avec \u00e9l\u00e9gance au style baroque moderne des temples<\/p>\n<p>&#8211; Masque en fibre de nylon biosourc\u00e9<\/p>\n<p>&#8211; Fabriqu\u00e9 en Italie<\/p>\n","protected":false},"featured_media":5798,"comment_status":"open","ping_status":"closed","template":"","meta":[],"product_cat":[62],"product_tag":[],"_links":{"self":[{"href":"https:\/\/www.sleeg.it\/fr\/wp-json\/wp\/v2\/product\/6351"}],"collection":[{"href":"https:\/\/www.sleeg.it\/fr\/wp-json\/wp\/v2\/product"}],"about":[{"href":"https:\/\/www.sleeg.it\/fr\/wp-json\/wp\/v2\/types\/product"}],"replies":[{"embeddable":true,"href":"https:\/\/www.sleeg.it\/fr\/wp-json\/wp\/v2\/comments?post=6351"}],"wp:featuredmedia":[{"embeddable":true,"href":"https:\/\/www.sleeg.it\/fr\/wp-json\/wp\/v2\/media\/5798"}],"wp:attachment":[{"href":"https:\/\/www.sleeg.it\/fr\/wp-json\/wp\/v2\/media?parent=6351"}],"wp:term":[{"taxonomy":"product_cat","embeddable":true,"href":"https:\/\/www.sleeg.it\/fr\/wp-json\/wp\/v2\/product_cat?post=6351"},{"taxonomy":"product_tag","embeddable":true,"href":"https:\/\/www.sleeg.it\/fr\/wp-json\/wp\/v2\/product_tag?post=6351"}],"curies":[{"name":"wp","href":"https:\/\/api.w.org\/{rel}","templated":true}]}}