{"id":7635,"date":"2022-09-14T12:33:45","date_gmt":"2022-09-14T10:33:45","guid":{"rendered":"https:\/\/www.sleeg.it\/boutique-2\/"},"modified":"2022-09-14T14:05:52","modified_gmt":"2022-09-14T12:05:52","slug":"boutique","status":"publish","type":"page","link":"https:\/\/www.sleeg.it\/fr\/boutique\/","title":{"rendered":"Boutique"},"content":{"rendered":"\t\t<div data-elementor-type=\"wp-page\" data-elementor-id=\"7635\" class=\"elementor elementor-7635 elementor-7597\">\n\t\t\t\t\t\t\t\t\t<section class=\"elementor-section elementor-top-section elementor-element elementor-element-7f631ce elementor-section-height-min-height elementor-section-items-top elementor-section-content-top elementor-section-full_width elementor-section-stretched elementor-section-height-default\" data-id=\"7f631ce\" data-element_type=\"section\" data-settings=\"{&quot;background_background&quot;:&quot;classic&quot;,&quot;stretch_section&quot;:&quot;section-stretched&quot;}\">\n\t\t\t\t\t\t<div class=\"elementor-container elementor-column-gap-no\">\n\t\t\t\t\t<div class=\"elementor-column elementor-col-100 elementor-top-column elementor-element elementor-element-cbcb6b1\" data-id=\"cbcb6b1\" data-element_type=\"column\">\n\t\t\t<div class=\"elementor-widget-wrap\">\n\t\t\t\t\t\t\t\t\t<\/div>\n\t\t<\/div>\n\t\t\t\t\t\t\t<\/div>\n\t\t<\/section>\n\t\t\t\t<section class=\"elementor-section elementor-top-section elementor-element elementor-element-fbb2495 elementor-section-full_width elementor-section-height-default elementor-section-height-default\" data-id=\"fbb2495\" data-element_type=\"section\" data-settings=\"{&quot;background_background&quot;:&quot;classic&quot;}\">\n\t\t\t\t\t\t<div class=\"elementor-container elementor-column-gap-default\">\n\t\t\t\t\t<div class=\"elementor-column elementor-col-100 elementor-top-column elementor-element elementor-element-3f0709f\" data-id=\"3f0709f\" data-element_type=\"column\">\n\t\t\t<div class=\"elementor-widget-wrap elementor-element-populated\">\n\t\t\t\t\t\t\t\t<div class=\"elementor-element elementor-element-9870dab elementor-widget elementor-widget-heading\" data-id=\"9870dab\" data-element_type=\"widget\" data-widget_type=\"heading.default\">\n\t\t\t\t<div class=\"elementor-widget-container\">\n\t\t\t<style>\/*! elementor - v3.10.1 - 17-01-2023 *\/\n.elementor-heading-title{padding:0;margin:0;line-height:1}.elementor-widget-heading .elementor-heading-title[class*=elementor-size-]>a{color:inherit;font-size:inherit;line-height:inherit}.elementor-widget-heading .elementor-heading-title.elementor-size-small{font-size:15px}.elementor-widget-heading .elementor-heading-title.elementor-size-medium{font-size:19px}.elementor-widget-heading .elementor-heading-title.elementor-size-large{font-size:29px}.elementor-widget-heading .elementor-heading-title.elementor-size-xl{font-size:39px}.elementor-widget-heading .elementor-heading-title.elementor-size-xxl{font-size:59px}<\/style><h2 class=\"elementor-heading-title elementor-size-default\">Configure ton SleeG<\/h2>\t\t<\/div>\n\t\t\t\t<\/div>\n\t\t\t\t<div class=\"elementor-element elementor-element-e2e2a68 elementor-widget elementor-widget-heading\" data-id=\"e2e2a68\" data-element_type=\"widget\" data-widget_type=\"heading.default\">\n\t\t\t\t<div class=\"elementor-widget-container\">\n\t\t\t<h3 class=\"elementor-heading-title elementor-size-default\">Choisi le mod\u00e8le qui te pla\u00eet et personnalise-le.<\/h3>\t\t<\/div>\n\t\t\t\t<\/div>\n\t\t\t\t<div class=\"elementor-element elementor-element-cf0be3e elementor-widget elementor-widget-shortcode\" data-id=\"cf0be3e\" data-element_type=\"widget\" data-settings=\"{&quot;_animation&quot;:&quot;none&quot;,&quot;_animation_mobile&quot;:&quot;none&quot;}\" data-widget_type=\"shortcode.default\">\n\t\t\t\t<div class=\"elementor-widget-container\">\n\t\t\t\t\t<div class=\"elementor-shortcode\"><div id=\"zakeke-configurator-container\">\n\t<iframe id=\"zakeke-configurator-frame\"\n\t\t\tsrc=\"https:\/\/portal.zakeke.com\/Configurator\/index.html\"\n\t\t\tdata-hj-allow-iframe=\"\" allow=\"clipboard-read; clipboard-write; fullscreen\"><\/iframe>\n\t<script type=\"application\/javascript\">\n\t\twindow.zakekeConfiguratorConfig = {\"wc_ajax_url\":\"\\\/fr\\\/?wc-ajax=%%endpoint%%&elementor_page_id=0\",\"priceAjaxUrl\":\"\\\/fr\\\/?wc-ajax=zakeke_get_configurator_price&elementor_page_id=0\",\"zakekeUrl\":\"https:\\\/\\\/portal.zakeke.com\",\"modelCode\":\"1260\",\"name\":\"Sleeg completo\",\"qty\":1,\"currency\":\"EUR\",\"culture\":\"fr-FR\",\"ecommerce\":\"woocommerce\",\"attributes\":{\"pa_clip-tipo\":\"barocco\",\"pa_clip-colore\":\"midnight\",\"pa_aste-colore\":\"midnight\"},\"enableShareCompositionUrl\":true,\"share_return_to_product_page\":true};\n\t<\/script>\n<\/div>\n<\/div>\n\t\t\t\t<\/div>\n\t\t\t\t<\/div>\n\t\t\t\t\t<\/div>\n\t\t<\/div>\n\t\t\t\t\t\t\t<\/div>\n\t\t<\/section>\n\t\t\t\t<section class=\"elementor-section elementor-top-section elementor-element elementor-element-89f8807 elementor-section-boxed elementor-section-height-default elementor-section-height-default\" data-id=\"89f8807\" data-element_type=\"section\">\n\t\t\t\t\t\t<div class=\"elementor-container elementor-column-gap-default\">\n\t\t\t\t\t<div class=\"elementor-column elementor-col-100 elementor-top-column elementor-element elementor-element-22dd563\" data-id=\"22dd563\" data-element_type=\"column\">\n\t\t\t<div class=\"elementor-widget-wrap elementor-element-populated\">\n\t\t\t\t\t\t\t\t<div class=\"elementor-element elementor-element-9e123c6 elementor-widget elementor-widget-heading\" data-id=\"9e123c6\" data-element_type=\"widget\" data-widget_type=\"heading.default\">\n\t\t\t\t<div class=\"elementor-widget-container\">\n\t\t\t<h2 class=\"elementor-heading-title elementor-size-default\">Finalise ton achat<\/h2>\t\t<\/div>\n\t\t\t\t<\/div>\n\t\t\t\t<div class=\"elementor-element elementor-element-4d4499e elementor-widget elementor-widget-heading\" data-id=\"4d4499e\" data-element_type=\"widget\" data-widget_type=\"heading.default\">\n\t\t\t\t<div class=\"elementor-widget-container\">\n\t\t\t<h3 class=\"elementor-heading-title elementor-size-default\">Le bon mod\u00e8le et la bonne couleur pour chaque occasion<\/h3>\t\t<\/div>\n\t\t\t\t<\/div>\n\t\t\t\t<div class=\"elementor-element elementor-element-5b98011 elementor-grid-3 elementor-product-loop-item--align-left elementor-grid-mobile-2 elementor-grid-tablet-3 elementor-products-grid elementor-wc-products elementor-widget elementor-widget-woocommerce-products\" data-id=\"5b98011\" data-element_type=\"widget\" data-widget_type=\"woocommerce-products.default\">\n\t\t\t\t<div class=\"elementor-widget-container\">\n\t\t\t<link rel=\"stylesheet\" href=\"https:\/\/www.sleeg.it\/wp-content\/plugins\/elementor-pro\/assets\/css\/widget-woocommerce.min.css\"><div class=\"woocommerce columns-3 \"><ul class=\"products elementor-grid columns-3\">\n<li class=\"product type-product post-6378 status-publish first instock product_cat-accessoires has-post-thumbnail sale taxable shipping-taxable purchasable product-type-variable has-default-attributes\">\n\t<\/li>\n<li class=\"product type-product post-6362 status-publish instock product_cat-accessoires has-post-thumbnail sale taxable shipping-taxable purchasable product-type-variable has-default-attributes\">\n\t<\/li>\n<li class=\"product type-product post-6287 status-publish last instock product_cat-accessoires has-post-thumbnail sale taxable shipping-taxable purchasable product-type-variable has-default-attributes\">\n\t<\/li>\n<li class=\"product type-product post-6317 status-publish first instock product_cat-accessoires has-post-thumbnail sale taxable shipping-taxable purchasable product-type-variable has-default-attributes\">\n\t<\/li>\n<li class=\"product type-product post-6351 status-publish instock product_cat-accessoires has-post-thumbnail sale taxable shipping-taxable purchasable product-type-variable has-default-attributes\">\n\t<\/li>\n<li class=\"product type-product post-6275 status-publish last instock product_cat-accessoires has-post-thumbnail taxable shipping-taxable purchasable product-type-simple\">\n\t<\/li>\n<\/ul>\n<\/div>\t\t<\/div>\n\t\t\t\t<\/div>\n\t\t\t\t\t<\/div>\n\t\t<\/div>\n\t\t\t\t\t\t\t<\/div>\n\t\t<\/section>\n\t\t\t\t<section class=\"elementor-section elementor-top-section elementor-element elementor-element-2a1dea7 elementor-section-full_width elementor-section-height-default elementor-section-height-default\" data-id=\"2a1dea7\" data-element_type=\"section\">\n\t\t\t\t\t\t<div class=\"elementor-container elementor-column-gap-default\">\n\t\t\t\t\t<div class=\"elementor-column elementor-col-100 elementor-top-column elementor-element elementor-element-791cbfe\" data-id=\"791cbfe\" data-element_type=\"column\">\n\t\t\t<div class=\"elementor-widget-wrap elementor-element-populated\">\n\t\t\t\t\t\t\t\t<div class=\"elementor-element elementor-element-fe887b5 elementor-widget elementor-widget-heading\" data-id=\"fe887b5\" data-element_type=\"widget\" data-widget_type=\"heading.default\">\n\t\t\t\t<div class=\"elementor-widget-container\">\n\t\t\t<h1 class=\"elementor-heading-title elementor-size-default\">\u00cates-vous un revendeur\u00a0?<\/h1>\t\t<\/div>\n\t\t\t\t<\/div>\n\t\t\t\t<div class=\"elementor-element elementor-element-19e9213 elementor-widget elementor-widget-heading\" data-id=\"19e9213\" data-element_type=\"widget\" data-widget_type=\"heading.default\">\n\t\t\t\t<div class=\"elementor-widget-container\">\n\t\t\t<div class=\"e-add-hoverheading elementor-heading-title elementor-size-default\"><a href=\"https:\/\/www.sleeg.it\/buyer-area\/\"> Envoyez-nous une demande dans <b> l'espace acheteur. <\/b><\/a><\/div>\t\t<\/div>\n\t\t\t\t<\/div>\n\t\t\t\t\t<\/div>\n\t\t<\/div>\n\t\t\t\t\t\t\t<\/div>\n\t\t<\/section>\n\t\t\t\t\t\t\t<\/div>\n\t\t","protected":false},"excerpt":{"rendered":"<p>Configure ton SleeG Choisi le mod\u00e8le qui te pla\u00eet et personnalise-le. Finalise ton achat Le bon mod\u00e8le et la bonne couleur pour chaque occasion \u00cates-vous un revendeur\u00a0? Envoyez-nous une demande dans l&#8217;espace acheteur.<\/p>\n","protected":false},"author":2,"featured_media":0,"parent":0,"menu_order":0,"comment_status":"closed","ping_status":"closed","template":"","meta":[],"_links":{"self":[{"href":"https:\/\/www.sleeg.it\/fr\/wp-json\/wp\/v2\/pages\/7635"}],"collection":[{"href":"https:\/\/www.sleeg.it\/fr\/wp-json\/wp\/v2\/pages"}],"about":[{"href":"https:\/\/www.sleeg.it\/fr\/wp-json\/wp\/v2\/types\/page"}],"author":[{"embeddable":true,"href":"https:\/\/www.sleeg.it\/fr\/wp-json\/wp\/v2\/users\/2"}],"replies":[{"embeddable":true,"href":"https:\/\/www.sleeg.it\/fr\/wp-json\/wp\/v2\/comments?post=7635"}],"version-history":[{"count":3,"href":"https:\/\/www.sleeg.it\/fr\/wp-json\/wp\/v2\/pages\/7635\/revisions"}],"predecessor-version":[{"id":7665,"href":"https:\/\/www.sleeg.it\/fr\/wp-json\/wp\/v2\/pages\/7635\/revisions\/7665"}],"wp:attachment":[{"href":"https:\/\/www.sleeg.it\/fr\/wp-json\/wp\/v2\/media?parent=7635"}],"curies":[{"name":"wp","href":"https:\/\/api.w.org\/{rel}","templated":true}]}}